{"id":465,"date":"2021-12-07T15:55:21","date_gmt":"2021-12-07T14:55:21","guid":{"rendered":"https:\/\/www.glmedizin.com\/?page_id=465"},"modified":"2021-12-07T15:58:08","modified_gmt":"2021-12-07T14:58:08","slug":"home","status":"publish","type":"page","link":"https:\/\/www.glmedizin.com\/en\/","title":{"rendered":"Home"},"content":{"rendered":"<section class=\"l-section wpb_row height_medium color_alternate with_img with_video\"><div class=\"l-section-img\" role=\"img\" aria-label=\"Image\" data-img-width=\"1200\" data-img-height=\"672\" style=\"background-image: url(https:\/\/www.glmedizin.com\/wp-content\/uploads\/2021\/08\/glm-welcome.jpg);\"><\/div><div id=\"us_bg_video_j341\" class=\"l-section-video\"><script id=\"us_bg_video_j341-script\">!function(w){var node = document.getElementById( 'us_bg_video_j341' );if ( w.innerWidth <= 600 ) { node.remove() }}(window);<\/script><style>@media(max-width:600px){#us_bg_video_j341{display:none!important}}<\/style><video  autoplay loop muted playsinline preload=\"auto\" tabindex=\"-1\"><source type=\"video\/mp4\" src=\"https:\/\/www.glmedizin.com\/wp-content\/uploads\/2021\/08\/glm-welcome.mp4\" \/><\/video><\/div><div class=\"l-section-overlay\" style=\"background:linear-gradient(90deg,rgba(11,225,230,0.60),rgba(0,81,171,0.60))\"><\/div><div class=\"l-section-h i-cf\"><div class=\"g-cols vc_row via_flex valign_middle type_default stacking_default\"><div class=\"vc_col-sm-6 wpb_column vc_column_container\"><div class=\"vc_column-inner us_custom_7e20fa79 us_animate_this\"><div class=\"wpb_wrapper\"><div class=\"w-image align_center\"><div class=\"w-image-h\"><img decoding=\"async\" src=\"https:\/\/www.glmedizin.com\/wp-content\/uploads\/2021\/08\/glm-logo-weiss.svg\" class=\"attachment-full size-full\" alt=\"\" loading=\"lazy\" \/><\/div><\/div><\/div><\/div><\/div><div class=\"vc_col-sm-6 wpb_column vc_column_container\"><div class=\"vc_column-inner us_custom_47474b22 us_animate_this\"><div class=\"wpb_wrapper\"><div class=\"wpb_text_column us_custom_32bb920b\"><div class=\"wpb_wrapper\"><h1>Association for Medical Education<\/h1>\n<\/div><\/div><\/div><\/div><\/div><\/div><\/div><\/section><section class=\"l-section wpb_row height_medium\"><div class=\"l-section-h i-cf\"><div class=\"g-cols vc_row via_flex valign_middle type_default stacking_default\"><div class=\"vc_col-sm-8 wpb_column vc_column_container\"><div class=\"vc_column-inner us_custom_4a593b65 us_animate_this\"><div class=\"wpb_wrapper\"><div class=\"wpb_text_column\"><div class=\"wpb_wrapper\"><h3>Our Mission<\/h3>\n<h2>Improve medical education<\/h2>\n<p>The Association for Medical Education (AME) is dedicated to the advancement of medical education and training, particularly in German-speaking countries.<\/p>\n<p>Educational programs, courses, comprehensive online resources and educational events of AME aim at enhancing evidence-based clinical decision-making of physicians and improving patient care at large. Continuous education and professional dialogues at eye level are core aspects of AME.<\/p>\n<p>Within a transnational network of academic centers, AME provides a platform for <em>state-of-the-art<\/em> updates on internationally established standards and mutual exchange between students and health care professionals alike.<\/p>\n<\/div><\/div><\/div><\/div><\/div><div class=\"vc_col-sm-4 wpb_column vc_column_container  hide_on_mobiles\"><div class=\"vc_column-inner us_custom_4a593b65 us_animate_this\"><div class=\"wpb_wrapper\"><div class=\"w-image align_center\"><div class=\"w-image-h\"><img decoding=\"async\" src=\"https:\/\/www.glmedizin.com\/wp-content\/uploads\/2021\/06\/mission.svg\" class=\"attachment-full size-full\" alt=\"\" loading=\"lazy\" \/><\/div><\/div><\/div><\/div><\/div><\/div><\/div><\/section><section class=\"l-section wpb_row verlaufDiagonal height_medium color_alternate\"><div class=\"l-section-h i-cf\"><div class=\"g-cols vc_row via_flex valign_top type_default stacking_default\"><div class=\"vc_col-sm-4 wpb_column vc_column_container\"><div class=\"vc_column-inner us_custom_2a417fef us_animate_this\"><div class=\"wpb_wrapper\"><div class=\"w-iconbox us_custom_7b1ed3b6 iconpos_top style_default color_contrast align_center\"><a title=\"Projekte\" href=\"https:\/\/www.glmedizin.com\/vszd\/\" class=\"w-iconbox-link\" aria-label=\"Projects\"><div class=\"w-iconbox-icon\" style=\"font-size:2rem;\"><i class=\"fas fa-project-diagram\"><\/i><\/div><\/a><div class=\"w-iconbox-meta\"><h4 class=\"w-iconbox-title\"><a title=\"Projekte\" href=\"https:\/\/www.glmedizin.com\/vszd\/\" class=\"w-iconbox-link\" aria-label=\"Projects\">Projects<\/a><\/h4><div class=\"w-iconbox-text\"><p>We support good medical education. Our project \u201cfrom symptom to diagnosis\u201c evolved from a small group of medical students to the most visited elective course of the Medical University of Graz<\/p>\n<\/div><\/div><\/div><div class=\"w-separator size_medium\"><\/div><div class=\"w-btn-wrapper align_center\"><a class=\"w-btn us-btn-style_1 icon_atright\" title=\"Projekte\" href=\"https:\/\/www.glmedizin.com\/vszd\/\"><span class=\"w-btn-label\">weiterlesen<\/span><i class=\"fas fa-chevron-circle-right\"><\/i><\/a><\/div><\/div><\/div><\/div><div class=\"vc_col-sm-4 wpb_column vc_column_container\"><div class=\"vc_column-inner us_custom_34884f5c us_animate_this\"><div class=\"wpb_wrapper\"><div class=\"w-iconbox us_custom_7b1ed3b6 iconpos_top style_default color_contrast align_center\"><a title=\"Interaktive Falldiskussionen\" href=\"https:\/\/www.glmedizin.com\/interaktive-falldiskussionen\/\" class=\"w-iconbox-link\" aria-label=\"Ressourcen\"><div class=\"w-iconbox-icon\" style=\"font-size:2rem;\"><i class=\"fas fa-mouse-pointer\"><\/i><\/div><\/a><div class=\"w-iconbox-meta\"><h4 class=\"w-iconbox-title\"><a title=\"Interaktive Falldiskussionen\" href=\"https:\/\/www.glmedizin.com\/interaktive-falldiskussionen\/\" class=\"w-iconbox-link\" aria-label=\"Ressourcen\">Ressourcen<\/a><\/h4><div class=\"w-iconbox-text\"><p>Unser Lern- und Lehrmaterial wird laufend erweitert und kann \u00a0zu Lehrzwecken frei verwendet werden. Wir stellen Lehrvideos, Falldiskussionen und Lehrmittelvorlagen zu Verf\u00fcgung.<\/p>\n<\/div><\/div><\/div><div class=\"w-separator size_medium\"><\/div><div class=\"w-btn-wrapper align_center\"><a class=\"w-btn us-btn-style_1 icon_atright\" title=\"Interaktive Falldiskussionen\" href=\"https:\/\/www.glmedizin.com\/interaktive-falldiskussionen\/\"><span class=\"w-btn-label\">weiterlesen<\/span><i class=\"fas fa-chevron-circle-right\"><\/i><\/a><\/div><\/div><\/div><\/div><div class=\"vc_col-sm-4 wpb_column vc_column_container\"><div class=\"vc_column-inner us_custom_1326ceb4 us_animate_this\"><div class=\"wpb_wrapper\"><div class=\"w-iconbox us_custom_7b1ed3b6 iconpos_top style_default color_contrast align_center\"><a title=\"Partner\" href=\"https:\/\/www.glmedizin.com\/partner\/\" class=\"w-iconbox-link\" aria-label=\"Partner\"><div class=\"w-iconbox-icon\" style=\"font-size:2rem;\"><i class=\"fas fa-handshake\"><\/i><\/div><\/a><div class=\"w-iconbox-meta\"><h4 class=\"w-iconbox-title\"><a title=\"Partner\" href=\"https:\/\/www.glmedizin.com\/partner\/\" class=\"w-iconbox-link\" aria-label=\"Partner\">Partner<\/a><\/h4><div class=\"w-iconbox-text\"><p>Ohne unsere herausragenden Partner k\u00f6nnten wir unsere Ziele nicht realisieren. Unterst\u00fctzen Sie unsere Projekte und leisten Sie einen wertvollen Beitrag zur Verbesserung der Lehre in der Medizin!<\/p>\n<\/div><\/div><\/div><div class=\"w-separator size_medium\"><\/div><div class=\"w-btn-wrapper align_center\"><a class=\"w-btn us-btn-style_1 icon_atright\" title=\"Partner\" href=\"https:\/\/www.glmedizin.com\/partner\/\"><span class=\"w-btn-label\">weiterlesen<\/span><i class=\"fas fa-chevron-circle-right\"><\/i><\/a><\/div><\/div><\/div><\/div><\/div><\/div><\/section><section class=\"l-section wpb_row height_medium\"><div class=\"l-section-h i-cf\"><div class=\"g-cols vc_row via_flex valign_top type_default stacking_default\"><div class=\"vc_col-sm-12 wpb_column vc_column_container\"><div class=\"vc_column-inner us_custom_4a593b65 us_animate_this\"><div class=\"wpb_wrapper\"><div class=\"wpb_text_column\"><div class=\"wpb_wrapper\"><h2 style=\"text-align: center;\">Aktuelle Infos<\/h2>\n<\/div><\/div><div class=\"w-separator size_small\"><\/div><\/div><\/div><\/div><div class=\"vc_col-sm-8 wpb_column vc_column_container\"><div class=\"vc_column-inner us_custom_7e20fa79 us_animate_this\"><div class=\"wpb_wrapper\"><div class=\"w-image align_center\"><div class=\"w-image-h\"><img decoding=\"async\" width=\"1080\" height=\"540\" src=\"https:\/\/www.glmedizin.com\/wp-content\/uploads\/2021\/11\/Unknown.jpeg\" class=\"attachment-full size-full\" alt=\"\" loading=\"lazy\" srcset=\"https:\/\/www.glmedizin.com\/wp-content\/uploads\/2021\/11\/Unknown.jpeg 1080w, https:\/\/www.glmedizin.com\/wp-content\/uploads\/2021\/11\/Unknown-300x150.jpeg 300w, https:\/\/www.glmedizin.com\/wp-content\/uploads\/2021\/11\/Unknown-1024x512.jpeg 1024w\" sizes=\"auto, (max-width: 1080px) 100vw, 1080px\" \/><\/div><\/div><div class=\"w-separator size_medium\"><\/div><div class=\"wpb_text_column\"><div class=\"wpb_wrapper\"><h3 style=\"text-align: center;\">Wer ist GLM<\/h3>\n<p>&nbsp;<\/p>\n<p>Ein enthusiastisches Team engagierter Studierender und Jungmediziner*innen steht hinter GLM. Dieses Team wurde f\u00fcr ihr Engagement in der universit\u00e4ren Lehre mit dem Ars Docendi 2020, ein prestigetr\u00e4chtiger Preis, vergeben durch das Bundesministerium f\u00fcr Bildung, Wissenschaft und Forschung (BMBWF), ausgezeichnet.<\/p>\n<\/div><\/div><\/div><\/div><\/div><div class=\"vc_col-sm-4 wpb_column vc_column_container\"><div class=\"vc_column-inner us_custom_47474b22 us_animate_this\"><div class=\"wpb_wrapper\"><div class=\"w-html\"><iframe loading=\"lazy\" src=\"https:\/\/calendar.google.com\/calendar\/embed?src=vszdmug%40gmail.com&ctz=Europe%2FVienna\" style=\"border: 0\" width=\"800\" height=\"400\" frameborder=\"0\" scrolling=\"no\"><\/iframe><\/div><div class=\"w-separator size_medium\"><\/div><div class=\"w-html\"><div class=\"twitterTimeline\"><a class=\"twitter-timeline\" href=\"https:\/\/twitter.com\/AssocMedEdu?ref_src=twsrc%5Etfw\">Tweets by AssocMedEdu<\/a> <script async src=\"https:\/\/platform.twitter.com\/widgets.js\" charset=\"utf-8\"><\/script><\/div><\/div><\/div><\/div><\/div><\/div><\/div><\/section><section class=\"l-section wpb_row height_medium\"><div class=\"l-section-h i-cf\"><div class=\"g-cols vc_row via_flex valign_top type_default stacking_default\"><div class=\"vc_col-sm-12 wpb_column vc_column_container\"><div class=\"vc_column-inner\"><div class=\"wpb_wrapper\"><div class=\"w-separator size_medium\"><\/div><\/div><\/div><\/div><\/div><\/div><\/section>\n","protected":false},"excerpt":{"rendered":"Association for Medical Education Our Mission Improve medical education The Association for Medical Education (AME) is dedicated to the advancement of medical education and training, particularly in German-speaking countries. Educational programs, courses, comprehensive online resources and educational events of AME aim at enhancing evidence-based clinical decision-making of physicians and improving patient care at large. Continuous...","protected":false},"author":1,"featured_media":0,"parent":0,"menu_order":0,"comment_status":"closed","ping_status":"closed","template":"","meta":{"footnotes":""},"class_list":["post-465","page","type-page","status-publish","hentry"],"_links":{"self":[{"href":"https:\/\/www.glmedizin.com\/en\/wp-json\/wp\/v2\/pages\/465","targetHints":{"allow":["GET"]}}],"collection":[{"href":"https:\/\/www.glmedizin.com\/en\/wp-json\/wp\/v2\/pages"}],"about":[{"href":"https:\/\/www.glmedizin.com\/en\/wp-json\/wp\/v2\/types\/page"}],"author":[{"embeddable":true,"href":"https:\/\/www.glmedizin.com\/en\/wp-json\/wp\/v2\/users\/1"}],"replies":[{"embeddable":true,"href":"https:\/\/www.glmedizin.com\/en\/wp-json\/wp\/v2\/comments?post=465"}],"version-history":[{"count":6,"href":"https:\/\/www.glmedizin.com\/en\/wp-json\/wp\/v2\/pages\/465\/revisions"}],"predecessor-version":[{"id":482,"href":"https:\/\/www.glmedizin.com\/en\/wp-json\/wp\/v2\/pages\/465\/revisions\/482"}],"wp:attachment":[{"href":"https:\/\/www.glmedizin.com\/en\/wp-json\/wp\/v2\/media?parent=465"}],"curies":[{"name":"wp","href":"https:\/\/api.w.org\/{rel}","templated":true}]}}